{"id":13549,"date":"2011-04-25T13:04:45","date_gmt":"2011-04-25T12:04:45","guid":{"rendered":"http:\/\/praxischeck.ch\/?page_id=13549"},"modified":"2017-10-06T19:21:33","modified_gmt":"2017-10-06T18:21:33","slug":"faq","status":"publish","type":"page","link":"https:\/\/praxischeck.ch\/home\/faq\/","title":{"rendered":"FAQ"},"content":{"rendered":"<p>[vc_row][vc_column]<div class=\"dt-fancy-separator h2-size title-color accent-border-color\" style=\"width: 100%;\"><div class=\"dt-fancy-title\"><span class=\"separator-holder separator-left\"><\/span>F\u00fcr Praxen und Anbieter<span class=\"separator-holder separator-right\"><\/span><\/div><\/div>[vc_empty_space height=&#8220;15&#8243;][vc_column_text]<\/p>\n<h3>Wie kann ich eine neue Praxis erfassen?<\/h3>\n<p style=\"padding-left: 30px;\">W\u00e4hlen Sie im Menu &#8222;Meine Praxis registrieren&#8220; und erfassen Sie soviele Daten wie m\u00f6glich und erw\u00fcnscht zu Ihrer Praxis. Mit dem &#8222;Weiter&#8230;&#8220;-Knopf zuunterst auf der Seite kommen Sie zur Auswahl der Publikationsart. Sie k\u00f6nnen w\u00e4hlen, wieviele Infos und wie lange die Infos zu Ihrer Praxis publiziert werden:<\/p>\n<p>[\/vc_column_text][vc_row_inner equal_height=&#8220;yes&#8220; content_placement=&#8220;top&#8220;][vc_column_inner width=&#8220;1\/3&#8243; css=&#8220;.vc_custom_1506974402594{margin: 5px !important;padding: 30px !important;border: 4px solid #dff0f2 !important;}&#8220;][vc_column_text]<\/p>\n<h4 style=\"text-align: center;\">Provisorischen Eintrag<\/h4>\n<ul class=\"standard-arrow list-divider\"><li><p>1 Therapiekategorie<\/p>\n<\/li><li><p>Praxis Name<\/p>\n<\/li><li><p>Adresse<\/p>\n<\/li><li><p>Kontakt Info<\/p>\n<\/li><li><p>Lage im Landkarte<\/p>\n<\/li><\/ul>\n<h4 style=\"text-align: center;\">Dauer: 1 Jahr<\/h4>\n<h4 style=\"text-align: center;\">Kostenlos!<\/h4>\n<p>[\/vc_column_text]<div class=\"btn-align-center\"><a href=\"https:\/\/praxischeck.ch\/meine-praxis-registrieren\/\" class=\"default-btn-shortcode dt-btn dt-btn-m ico-right-side \" id=\"default-btn-1\"><span>Meine Praxis registrieren<\/span><i class=\"fa fa-chevron-right\"><\/i><\/a><\/div>[\/vc_column_inner][vc_column_inner width=&#8220;1\/3&#8243; css=&#8220;.vc_custom_1506974506641{margin: 5px !important;padding: 30px !important;border: 4px solid #dff0f2 !important;}&#8220;][vc_column_text]<\/p>\n<h4 style=\"text-align: center;\">Premium Eintrag f\u00fcr 1 Jahr<\/h4>\n<ul class=\"standard-arrow list-divider\"><li><p>6 Therapiekategorien<\/p>\n<\/li><li><p>Praxis Name &amp; Beschreibung<\/p>\n<\/li><li><p>Logo &amp; Fotos<\/p>\n<\/li><li><p>\u00d6ffnungszeiten<\/p>\n<\/li><li><p>Addresse<\/p>\n<\/li><li><p>Kontakt Info &amp; Website<\/p>\n<\/li><li><p>Lage im Landkarte<\/p>\n<\/li><li><p>und mehr!<\/p>\n<\/li><\/ul>\n<h4 style=\"text-align: center;\">Dauer: 1 Jahr<\/h4>\n<h4 style=\"text-align: center;\">68.- CHF <del>98.- CHF<\/del><\/h4>\n<p style=\"text-align: center;\"><em>Sie sparen 30.-<\/em><\/p>\n<p>[\/vc_column_text]<div class=\"btn-align-center\"><a href=\"https:\/\/praxischeck.ch\/meine-praxis-registrieren\/\" class=\"default-btn-shortcode dt-btn dt-btn-m ico-right-side \" id=\"default-btn-2\"><span>Meine Praxis registrieren<\/span><i class=\"fa fa-chevron-right\"><\/i><\/a><\/div>[\/vc_column_inner][vc_column_inner width=&#8220;1\/3&#8243; css=&#8220;.vc_custom_1506974534966{margin: 5px !important;padding: 30px !important;border: 4px solid #dff0f2 !important;}&#8220;][vc_column_text]<\/p>\n<h4 style=\"text-align: center;\">Premium Eintrag f\u00fcr 3 Jahre<\/h4>\n<ul class=\"standard-arrow list-divider\"><li><p>6 Therapiekategorien<\/p>\n<\/li><li><p>Praxis Name &amp; Beschreibung<\/p>\n<\/li><li><p>Logo &amp; Fotos<\/p>\n<\/li><li><p>\u00d6ffnungszeiten<\/p>\n<\/li><li><p>Addresse<\/p>\n<\/li><li><p>Kontakt Info &amp; Website<\/p>\n<\/li><li><p>Lage im Landkarte<\/p>\n<\/li><li><p>und mehr!<\/p>\n<\/li><\/ul>\n<h4 style=\"text-align: center;\">Dauer: 3 Jahre<\/h4>\n<h4 style=\"text-align: center;\">198.- CHF <del>248.- CHF<\/del><\/h4>\n<p style=\"text-align: center;\"><em>Sie sparen 50.-<\/em><\/p>\n<p>[\/vc_column_text]<div class=\"btn-align-center\"><a href=\"https:\/\/praxischeck.ch\/meine-praxis-registrieren\/\" class=\"default-btn-shortcode dt-btn dt-btn-m ico-right-side \" id=\"default-btn-3\"><span>Meine Praxis registrieren<\/span><i class=\"fa fa-chevron-right\"><\/i><\/a><\/div>[\/vc_column_inner][\/vc_row_inner][vc_empty_space][vc_column_text]<\/p>\n<h3>Was bringt ein Premium Eintrag?<\/h3>\n<p>In einem Premium Eintrag werden im Gegensatz zum provisorischen Eintrag alle vorhandenen Daten publiziert. Sehen Sie hier einen Vergleich:[\/vc_column_text][vc_row_inner][vc_column_inner width=&#8220;1\/2&#8243;][vc_single_image image=&#8220;43800&#8243; img_size=&#8220;full&#8220; add_caption=&#8220;yes&#8220; alignment=&#8220;center&#8220; onclick=&#8220;link_image&#8220;][\/vc_column_inner][vc_column_inner width=&#8220;1\/2&#8243;][vc_single_image image=&#8220;43801&#8243; img_size=&#8220;full&#8220; add_caption=&#8220;yes&#8220; alignment=&#8220;center&#8220; onclick=&#8220;link_image&#8220;][\/vc_column_inner][\/vc_row_inner][vc_column_text]<\/p>\n<h3>Was muss ich beim Praxiseintrag beachten?<\/h3>\n<p style=\"padding-left: 30px;\">Um eine sch\u00f6ne Darstellung und gute Lesbarkeit von PraxisCheck.ch zu gew\u00e4hrleistenen werden Eintr\u00e4ge redaktionell gepr\u00fcft und redigiert.<\/p>\n<p style=\"padding-left: 30px;\">F\u00fcr eine schnelle und problemlose Publikation empfehlen wir die Einhaltung folgender Richtlinien:<\/p>\n<ul>\n<li>Deutsche Normalschrift verwenden und grammatikalisch korrekte Texte erfassen<\/li>\n<li>Keine GROSSschreibung verwenden ausser z.B. bei Abk\u00fcrzungen.<\/li>\n<li>Keine unn\u00f6tigen Symbole wie Ausrufezeichen,\u00a0\u00a9 oder \u00ae verwenden.<\/li>\n<li>Nur klare und g\u00fcltige Angaben machen, die auch gepr\u00fcft werden (k\u00f6nnen).<\/li>\n<li>Links resp. Domains ausschliesslich im Feld &#8222;Website&#8220; erfassen (in der Praxisbezeichung oder anderen Texten wird kein .ch oder .com erw\u00fcnscht).<\/li>\n<li>Praxisbezeichnungen ebensowenig f\u00fcr Auflistungen von Therapiemethoden missbrauchen.<\/li>\n<li>Keine duplikaten Eintr\u00e4ge erfassen.<\/li>\n<li>Bei Praxen mit mehreren Mitarbeitern empfehlen wir einen Sammeleintrag mit allen Angaben oder eine Erfassung jedes Therapeuten mit Bezeichnungen wie z.B. &#8222;Praxis zum Check, Max Muster&#8220; etc.<\/li>\n<\/ul>\n<p>[\/vc_column_text][vc_column_text]<\/p>\n<h3>Wieso ist Therapiemethode xy nicht aufgelistet?<\/h3>\n<p style=\"padding-left: 30px;\">Wir f\u00fchren prim\u00e4r verbreitete und belegte Therapiemethoden auf. Falls Sie den Eintrag einer neuen Therapiemethode w\u00fcnschen, ben\u00f6tigen wir mindestens Referenzen, oder Eintragsw\u00fcnsche von rund f\u00fcnf Praxen mit der gleichen Methode.<\/p>\n<p style=\"padding-left: 30px;\">Zus\u00e4tzlich hilfreich sind Verweise auf Wikipedia-Eintr\u00e4ge, Berufs-Verb\u00e4nde, oder Zeitungsartikel um die Relevanz der Methode zu belegen.<\/p>\n<p style=\"padding-left: 30px;\">Falls Ihre Therapie heute noch nicht gelistet wird, w\u00e4hlen Sie die naheliegendste Bezeichnung, oder einen \u00dcberbegriff, wie z.B. K\u00f6rperarbeit, oder Energiearbeit.<\/p>\n<p style=\"padding-left: 30px;\">Bedenken Sie bitte, dass Sie eine zu spezifische Therapiebezeichnung zu weniger Sucherfolgen f\u00fchren kann. Benutzen Sie ausserdem das Detailbeschreibungs-Feld um spezielle Methoden exakt zu beschreiben.<\/p>\n<p>[\/vc_column_text][vc_empty_space][\/vc_column][\/vc_row][vc_row][vc_column]<div class=\"dt-fancy-separator h2-size title-color accent-border-color\" style=\"width: 100%;\"><div class=\"dt-fancy-title\"><span class=\"separator-holder separator-left\"><\/span>F\u00fcr Suchende<span class=\"separator-holder separator-right\"><\/span><\/div><\/div>[vc_empty_space height=&#8220;15&#8243;][vc_column_text]<\/p>\n<p style=\"text-align: center;\">Wir \u00fcbernehmen keine Garantie f\u00fcr Therapiemethoden, Praxen und Therapeuten!<\/p>\n<p>[\/vc_column_text][vc_empty_space][\/vc_column][\/vc_row][vc_row][vc_column]<div class=\"dt-fancy-separator h2-size title-color accent-border-color\" style=\"width: 100%;\"><div class=\"dt-fancy-title\"><span class=\"separator-holder separator-left\"><\/span>F\u00fcr Werbetreibende<span class=\"separator-holder separator-right\"><\/span><\/div><\/div>[vc_empty_space height=&#8220;15&#8243;][vc_column_text]<\/p>\n<p style=\"text-align: center;\">Bitte <a title=\"\u00dcber uns\" href=\"https:\/\/praxischeck.ch\/about\/\">melden Sie sich bei uns<\/a> falls Sie ein Inserat schalten m\u00f6chten.<\/p>\n<p>[\/vc_column_text][\/vc_column][\/vc_row]<\/p>\n","protected":false},"excerpt":{"rendered":"<p>[vc_row][vc_column][vc_empty_space height=&#8220;15&#8243;][vc_column_text] Wie kann ich eine neue Praxis erfassen? W\u00e4hlen Sie im Menu &#8222;Meine Praxis registrieren&#8220; und erfassen Sie soviele Daten wie m\u00f6glich und erw\u00fcnscht zu Ihrer Praxis. Mit dem &#8222;Weiter&#8230;&#8220;-Knopf zuunterst auf der Seite kommen Sie zur Auswahl der Publikationsart. Sie k\u00f6nnen w\u00e4hlen, wieviele Infos und wie lange die Infos zu Ihrer Praxis publiziert&hellip;<\/p>\n","protected":false},"author":8,"featured_media":0,"parent":0,"menu_order":15,"comment_status":"closed","ping_status":"closed","template":"","meta":[],"class_list":["post-13549","page","type-page","status-publish","hentry","description-off"],"_links":{"self":[{"href":"https:\/\/praxischeck.ch\/home\/wp-json\/wp\/v2\/pages\/13549","targetHints":{"allow":["GET"]}}],"collection":[{"href":"https:\/\/praxischeck.ch\/home\/wp-json\/wp\/v2\/pages"}],"about":[{"href":"https:\/\/praxischeck.ch\/home\/wp-json\/wp\/v2\/types\/page"}],"author":[{"embeddable":true,"href":"https:\/\/praxischeck.ch\/home\/wp-json\/wp\/v2\/users\/8"}],"replies":[{"embeddable":true,"href":"https:\/\/praxischeck.ch\/home\/wp-json\/wp\/v2\/comments?post=13549"}],"version-history":[{"count":0,"href":"https:\/\/praxischeck.ch\/home\/wp-json\/wp\/v2\/pages\/13549\/revisions"}],"wp:attachment":[{"href":"https:\/\/praxischeck.ch\/home\/wp-json\/wp\/v2\/media?parent=13549"}],"curies":[{"name":"wp","href":"https:\/\/api.w.org\/{rel}","templated":true}]}}